{"id":14717,"date":"2017-06-19T21:34:13","date_gmt":"2017-06-19T19:34:13","guid":{"rendered":"http:\/\/www.rosellmagasinet.com\/?page_id=14717"},"modified":"2017-07-06T15:24:12","modified_gmt":"2017-07-06T13:24:12","slug":"galleri","status":"publish","type":"page","link":"http:\/\/www.rosellmagasinet.com\/?page_id=14717","title":{"rendered":"Galleri"},"content":{"rendered":"<p>[vc_row content_width=&#8221;grid&#8221; content_aligment=&#8221;center&#8221; css=&#8221;.vc_custom_1476868161789{padding-top: 95px !important;padding-bottom: 60px !important;}&#8221;][vc_column offset=&#8221;vc_col-lg-offset-3 vc_col-lg-6 vc_col-md-offset-1 vc_col-md-10&#8243;]<div class=\"eltd-section-title-outer-holder\" style=\"text-align: center\">\n\n\t\t\t<div class=\"eltd-section-subtitle-holder\">\n\t\t\t<h5 class=\"eltd-section-subtitle\" style=\";font-size: 16px;color: #333333;;;;\">\n\t\t\t\tUtvalda bilder fr\u00e5n Rosell\t\t\t<\/h5>\n\t\t<\/div>\n\t\n\t\t\t<div class=\"eltd-section-title-title-holder\">\n\t\t\t\t<h2 class=\"eltd-section-title\" style=\";font-size: 52px;;font-weight: 600;line-height: 63px;text-transform: Uppercase;letter-spacing: 5px;\">\n\t\t\t\tBildgalleri\t\t\t\t<\/h2>\n\t\t<\/div>\n\t\n<\/div>[vc_column_text]H\u00e4r samlar vi utvalda bilder fr\u00e5n minnesv\u00e4rda stunder och \u00f6gonblick fr\u00e5n Rosellmagasinets\u00a0 sina allra b\u00e4sta sidor, allt fr\u00e5n trevliga kv\u00e4llar, ljuvliga morgonstunder, vackra vyer och f\u00e4rgsprakande matr\u00e4tter. Sidan kommer fyllas p\u00e5 kontinuerligt med sm\u00e5 godbitar s\u00e5 h\u00e5ll utkik![\/vc_column_text][\/vc_column][\/vc_row][vc_row css=&#8221;.vc_custom_1499343077002{margin-top: 50px !important;margin-right: 30px !important;margin-bottom: 50px !important;margin-left: 30px !important;border-top-width: 50px !important;border-right-width: 30px !important;border-bottom-width: 50px !important;border-left-width: 30px !important;padding-top: 50px !important;padding-right: 30px !important;padding-bottom: 50px !important;padding-left: 30px !important;background-color: #000000 !important;}&#8221;][vc_column]<div class=\"eltd-image-gallery\">\n\t<div class=\"eltd-image-gallery-grid eltd-gallery-columns-4 \" >\n\t\t\t\t\t<div class=\"eltd-gallery-image\">\n\t\t\t\t\t\t\t\t<a href=\"http:\/\/www.rosellmagasinet.com\/wp-content\/uploads\/2017\/06\/P1013550.jpg\" data-rel=\"prettyPhoto[single_pretty_photo]\" title=\"OLYMPUS DIGITAL CAMERA\">\n\t\t\t\t\t\t\t\t\t\t\t\t\t\t\t\t<img width=\"300\" height=\"219\" src=\"http:\/\/www.rosellmagasinet.com\/wp-content\/uploads\/2017\/06\/P1013550-300x219.jpg\" class=\"attachment-medium size-medium\" alt=\"\" loading=\"lazy\" srcset=\"http:\/\/www.rosellmagasinet.com\/wp-content\/uploads\/2017\/06\/P1013550-300x219.jpg 300w, http:\/\/www.rosellmagasinet.com\/wp-content\/uploads\/2017\/06\/P1013550.jpg 700w\" sizes=\"(max-width: 300px) 100vw, 300px\" \/>\t\t\t\t\t\t\t\t\t\t\t\t\t\t<\/a>\n\t\t\t\t\t\t<\/div>\n\t\t\t\t\t<div class=\"eltd-gallery-image\">\n\t\t\t\t\t\t\t\t<a href=\"http:\/\/www.rosellmagasinet.com\/wp-content\/uploads\/2017\/06\/P1013551.jpg\" data-rel=\"prettyPhoto[single_pretty_photo]\" title=\"OLYMPUS DIGITAL CAMERA\">\n\t\t\t\t\t\t\t\t\t\t\t\t\t\t\t\t<img width=\"300\" height=\"225\" src=\"http:\/\/www.rosellmagasinet.com\/wp-content\/uploads\/2017\/06\/P1013551-300x225.jpg\" class=\"attachment-medium size-medium\" alt=\"\" loading=\"lazy\" srcset=\"http:\/\/www.rosellmagasinet.com\/wp-content\/uploads\/2017\/06\/P1013551-300x225.jpg 300w, http:\/\/www.rosellmagasinet.com\/wp-content\/uploads\/2017\/06\/P1013551.jpg 700w\" sizes=\"(max-width: 300px) 100vw, 300px\" \/>\t\t\t\t\t\t\t\t\t\t\t\t\t\t<\/a>\n\t\t\t\t\t\t<\/div>\n\t\t\t\t\t<div class=\"eltd-gallery-image\">\n\t\t\t\t\t\t\t\t<a href=\"http:\/\/www.rosellmagasinet.com\/wp-content\/uploads\/2017\/06\/P1013553.jpg\" data-rel=\"prettyPhoto[single_pretty_photo]\" title=\"OLYMPUS DIGITAL CAMERA\">\n\t\t\t\t\t\t\t\t\t\t\t\t\t\t\t\t<img width=\"300\" height=\"234\" src=\"http:\/\/www.rosellmagasinet.com\/wp-content\/uploads\/2017\/06\/P1013553-300x234.jpg\" class=\"attachment-medium size-medium\" alt=\"\" loading=\"lazy\" srcset=\"http:\/\/www.rosellmagasinet.com\/wp-content\/uploads\/2017\/06\/P1013553-300x234.jpg 300w, http:\/\/www.rosellmagasinet.com\/wp-content\/uploads\/2017\/06\/P1013553.jpg 700w\" sizes=\"(max-width: 300px) 100vw, 300px\" \/>\t\t\t\t\t\t\t\t\t\t\t\t\t\t<\/a>\n\t\t\t\t\t\t<\/div>\n\t\t\t\t\t<div class=\"eltd-gallery-image\">\n\t\t\t\t\t\t\t\t<a href=\"http:\/\/www.rosellmagasinet.com\/wp-content\/uploads\/2017\/06\/P1013559.jpg\" data-rel=\"prettyPhoto[single_pretty_photo]\" title=\"OLYMPUS DIGITAL CAMERA\">\n\t\t\t\t\t\t\t\t\t\t\t\t\t\t\t\t<img width=\"300\" height=\"220\" src=\"http:\/\/www.rosellmagasinet.com\/wp-content\/uploads\/2017\/06\/P1013559-300x220.jpg\" class=\"attachment-medium size-medium\" alt=\"\" loading=\"lazy\" srcset=\"http:\/\/www.rosellmagasinet.com\/wp-content\/uploads\/2017\/06\/P1013559-300x220.jpg 300w, http:\/\/www.rosellmagasinet.com\/wp-content\/uploads\/2017\/06\/P1013559.jpg 700w\" sizes=\"(max-width: 300px) 100vw, 300px\" \/>\t\t\t\t\t\t\t\t\t\t\t\t\t\t<\/a>\n\t\t\t\t\t\t<\/div>\n\t\t\t\t\t<div class=\"eltd-gallery-image\">\n\t\t\t\t\t\t\t\t<a href=\"http:\/\/www.rosellmagasinet.com\/wp-content\/uploads\/2017\/06\/P1013560.jpg\" data-rel=\"prettyPhoto[single_pretty_photo]\" title=\"OLYMPUS DIGITAL CAMERA\">\n\t\t\t\t\t\t\t\t\t\t\t\t\t\t\t\t<img width=\"300\" height=\"195\" src=\"http:\/\/www.rosellmagasinet.com\/wp-content\/uploads\/2017\/06\/P1013560-300x195.jpg\" class=\"attachment-medium size-medium\" alt=\"\" loading=\"lazy\" srcset=\"http:\/\/www.rosellmagasinet.com\/wp-content\/uploads\/2017\/06\/P1013560-300x195.jpg 300w, http:\/\/www.rosellmagasinet.com\/wp-content\/uploads\/2017\/06\/P1013560.jpg 700w\" sizes=\"(max-width: 300px) 100vw, 300px\" \/>\t\t\t\t\t\t\t\t\t\t\t\t\t\t<\/a>\n\t\t\t\t\t\t<\/div>\n\t\t\t\t\t<div class=\"eltd-gallery-image\">\n\t\t\t\t\t\t\t\t<a href=\"http:\/\/www.rosellmagasinet.com\/wp-content\/uploads\/2017\/06\/P1013568.jpg\" data-rel=\"prettyPhoto[single_pretty_photo]\" title=\"OLYMPUS DIGITAL CAMERA\">\n\t\t\t\t\t\t\t\t\t\t\t\t\t\t\t\t<img width=\"300\" height=\"192\" src=\"http:\/\/www.rosellmagasinet.com\/wp-content\/uploads\/2017\/06\/P1013568-300x192.jpg\" class=\"attachment-medium size-medium\" alt=\"\" loading=\"lazy\" srcset=\"http:\/\/www.rosellmagasinet.com\/wp-content\/uploads\/2017\/06\/P1013568-300x192.jpg 300w, http:\/\/www.rosellmagasinet.com\/wp-content\/uploads\/2017\/06\/P1013568.jpg 700w\" sizes=\"(max-width: 300px) 100vw, 300px\" \/>\t\t\t\t\t\t\t\t\t\t\t\t\t\t<\/a>\n\t\t\t\t\t\t<\/div>\n\t\t\t\t\t<div class=\"eltd-gallery-image\">\n\t\t\t\t\t\t\t\t<a href=\"http:\/\/www.rosellmagasinet.com\/wp-content\/uploads\/2017\/06\/P1013582.jpg\" data-rel=\"prettyPhoto[single_pretty_photo]\" title=\"OLYMPUS DIGITAL CAMERA\">\n\t\t\t\t\t\t\t\t\t\t\t\t\t\t\t\t<img width=\"300\" height=\"206\" src=\"http:\/\/www.rosellmagasinet.com\/wp-content\/uploads\/2017\/06\/P1013582-300x206.jpg\" class=\"attachment-medium size-medium\" alt=\"\" loading=\"lazy\" srcset=\"http:\/\/www.rosellmagasinet.com\/wp-content\/uploads\/2017\/06\/P1013582-300x206.jpg 300w, http:\/\/www.rosellmagasinet.com\/wp-content\/uploads\/2017\/06\/P1013582.jpg 700w\" sizes=\"(max-width: 300px) 100vw, 300px\" \/>\t\t\t\t\t\t\t\t\t\t\t\t\t\t<\/a>\n\t\t\t\t\t\t<\/div>\n\t\t\t\t\t<div class=\"eltd-gallery-image\">\n\t\t\t\t\t\t\t\t<a href=\"http:\/\/www.rosellmagasinet.com\/wp-content\/uploads\/2017\/06\/P1013585.jpg\" data-rel=\"prettyPhoto[single_pretty_photo]\" title=\"OLYMPUS DIGITAL CAMERA\">\n\t\t\t\t\t\t\t\t\t\t\t\t\t\t\t\t<img width=\"300\" height=\"193\" src=\"http:\/\/www.rosellmagasinet.com\/wp-content\/uploads\/2017\/06\/P1013585-300x193.jpg\" class=\"attachment-medium size-medium\" alt=\"\" loading=\"lazy\" srcset=\"http:\/\/www.rosellmagasinet.com\/wp-content\/uploads\/2017\/06\/P1013585-300x193.jpg 300w, http:\/\/www.rosellmagasinet.com\/wp-content\/uploads\/2017\/06\/P1013585.jpg 700w\" sizes=\"(max-width: 300px) 100vw, 300px\" \/>\t\t\t\t\t\t\t\t\t\t\t\t\t\t<\/a>\n\t\t\t\t\t\t<\/div>\n\t\t\t\t\t<div class=\"eltd-gallery-image\">\n\t\t\t\t\t\t\t\t<a href=\"http:\/\/www.rosellmagasinet.com\/wp-content\/uploads\/2017\/06\/P1013586.jpg\" data-rel=\"prettyPhoto[single_pretty_photo]\" title=\"OLYMPUS DIGITAL CAMERA\">\n\t\t\t\t\t\t\t\t\t\t\t\t\t\t\t\t<img width=\"300\" height=\"206\" src=\"http:\/\/www.rosellmagasinet.com\/wp-content\/uploads\/2017\/06\/P1013586-300x206.jpg\" class=\"attachment-medium size-medium\" alt=\"\" loading=\"lazy\" srcset=\"http:\/\/www.rosellmagasinet.com\/wp-content\/uploads\/2017\/06\/P1013586-300x206.jpg 300w, http:\/\/www.rosellmagasinet.com\/wp-content\/uploads\/2017\/06\/P1013586.jpg 700w\" sizes=\"(max-width: 300px) 100vw, 300px\" \/>\t\t\t\t\t\t\t\t\t\t\t\t\t\t<\/a>\n\t\t\t\t\t\t<\/div>\n\t\t\t\t\t<div class=\"eltd-gallery-image\">\n\t\t\t\t\t\t\t\t<a href=\"http:\/\/www.rosellmagasinet.com\/wp-content\/uploads\/2017\/06\/P1013587.jpg\" data-rel=\"prettyPhoto[single_pretty_photo]\" title=\"OLYMPUS DIGITAL CAMERA\">\n\t\t\t\t\t\t\t\t\t\t\t\t\t\t\t\t<img width=\"300\" height=\"181\" src=\"http:\/\/www.rosellmagasinet.com\/wp-content\/uploads\/2017\/06\/P1013587-300x181.jpg\" class=\"attachment-medium size-medium\" alt=\"\" loading=\"lazy\" srcset=\"http:\/\/www.rosellmagasinet.com\/wp-content\/uploads\/2017\/06\/P1013587-300x181.jpg 300w, http:\/\/www.rosellmagasinet.com\/wp-content\/uploads\/2017\/06\/P1013587.jpg 700w\" sizes=\"(max-width: 300px) 100vw, 300px\" \/>\t\t\t\t\t\t\t\t\t\t\t\t\t\t<\/a>\n\t\t\t\t\t\t<\/div>\n\t\t\t\t\t<div class=\"eltd-gallery-image\">\n\t\t\t\t\t\t\t\t<a href=\"http:\/\/www.rosellmagasinet.com\/wp-content\/uploads\/2017\/06\/P1013588.jpg\" data-rel=\"prettyPhoto[single_pretty_photo]\" title=\"OLYMPUS DIGITAL CAMERA\">\n\t\t\t\t\t\t\t\t\t\t\t\t\t\t\t\t<img width=\"300\" height=\"225\" src=\"http:\/\/www.rosellmagasinet.com\/wp-content\/uploads\/2017\/06\/P1013588-300x225.jpg\" class=\"attachment-medium size-medium\" alt=\"\" loading=\"lazy\" srcset=\"http:\/\/www.rosellmagasinet.com\/wp-content\/uploads\/2017\/06\/P1013588-300x225.jpg 300w, http:\/\/www.rosellmagasinet.com\/wp-content\/uploads\/2017\/06\/P1013588.jpg 700w\" sizes=\"(max-width: 300px) 100vw, 300px\" \/>\t\t\t\t\t\t\t\t\t\t\t\t\t\t<\/a>\n\t\t\t\t\t\t<\/div>\n\t\t\t\t\t<div class=\"eltd-gallery-image\">\n\t\t\t\t\t\t\t\t<a href=\"http:\/\/www.rosellmagasinet.com\/wp-content\/uploads\/2017\/06\/P1013589.jpg\" data-rel=\"prettyPhoto[single_pretty_photo]\" title=\"OLYMPUS DIGITAL CAMERA\">\n\t\t\t\t\t\t\t\t\t\t\t\t\t\t\t\t<img width=\"300\" height=\"225\" src=\"http:\/\/www.rosellmagasinet.com\/wp-content\/uploads\/2017\/06\/P1013589-300x225.jpg\" class=\"attachment-medium size-medium\" alt=\"\" loading=\"lazy\" srcset=\"http:\/\/www.rosellmagasinet.com\/wp-content\/uploads\/2017\/06\/P1013589-300x225.jpg 300w, http:\/\/www.rosellmagasinet.com\/wp-content\/uploads\/2017\/06\/P1013589.jpg 700w\" sizes=\"(max-width: 300px) 100vw, 300px\" \/>\t\t\t\t\t\t\t\t\t\t\t\t\t\t<\/a>\n\t\t\t\t\t\t<\/div>\n\t\t\t\t\t<div class=\"eltd-gallery-image\">\n\t\t\t\t\t\t\t\t<a href=\"http:\/\/www.rosellmagasinet.com\/wp-content\/uploads\/2017\/06\/P1013590.jpg\" data-rel=\"prettyPhoto[single_pretty_photo]\" title=\"OLYMPUS DIGITAL CAMERA\">\n\t\t\t\t\t\t\t\t\t\t\t\t\t\t\t\t<img width=\"300\" height=\"219\" src=\"http:\/\/www.rosellmagasinet.com\/wp-content\/uploads\/2017\/06\/P1013590-300x219.jpg\" class=\"attachment-medium size-medium\" alt=\"\" loading=\"lazy\" srcset=\"http:\/\/www.rosellmagasinet.com\/wp-content\/uploads\/2017\/06\/P1013590-300x219.jpg 300w, http:\/\/www.rosellmagasinet.com\/wp-content\/uploads\/2017\/06\/P1013590.jpg 700w\" sizes=\"(max-width: 300px) 100vw, 300px\" \/>\t\t\t\t\t\t\t\t\t\t\t\t\t\t<\/a>\n\t\t\t\t\t\t<\/div>\n\t\t\t\t\t<div class=\"eltd-gallery-image\">\n\t\t\t\t\t\t\t\t<a href=\"http:\/\/www.rosellmagasinet.com\/wp-content\/uploads\/2017\/06\/P1013591.jpg\" data-rel=\"prettyPhoto[single_pretty_photo]\" title=\"OLYMPUS DIGITAL CAMERA\">\n\t\t\t\t\t\t\t\t\t\t\t\t\t\t\t\t<img width=\"300\" height=\"229\" src=\"http:\/\/www.rosellmagasinet.com\/wp-content\/uploads\/2017\/06\/P1013591-300x229.jpg\" class=\"attachment-medium size-medium\" alt=\"\" loading=\"lazy\" srcset=\"http:\/\/www.rosellmagasinet.com\/wp-content\/uploads\/2017\/06\/P1013591-300x229.jpg 300w, http:\/\/www.rosellmagasinet.com\/wp-content\/uploads\/2017\/06\/P1013591.jpg 700w\" sizes=\"(max-width: 300px) 100vw, 300px\" \/>\t\t\t\t\t\t\t\t\t\t\t\t\t\t<\/a>\n\t\t\t\t\t\t<\/div>\n\t\t\t\t\t<div class=\"eltd-gallery-image\">\n\t\t\t\t\t\t\t\t<a href=\"http:\/\/www.rosellmagasinet.com\/wp-content\/uploads\/2017\/06\/P1013592.jpg\" data-rel=\"prettyPhoto[single_pretty_photo]\" title=\"OLYMPUS DIGITAL CAMERA\">\n\t\t\t\t\t\t\t\t\t\t\t\t\t\t\t\t<img width=\"300\" height=\"193\" src=\"http:\/\/www.rosellmagasinet.com\/wp-content\/uploads\/2017\/06\/P1013592-300x193.jpg\" class=\"attachment-medium size-medium\" alt=\"\" loading=\"lazy\" srcset=\"http:\/\/www.rosellmagasinet.com\/wp-content\/uploads\/2017\/06\/P1013592-300x193.jpg 300w, http:\/\/www.rosellmagasinet.com\/wp-content\/uploads\/2017\/06\/P1013592.jpg 700w\" sizes=\"(max-width: 300px) 100vw, 300px\" \/>\t\t\t\t\t\t\t\t\t\t\t\t\t\t<\/a>\n\t\t\t\t\t\t<\/div>\n\t\t\t\t\t<div class=\"eltd-gallery-image\">\n\t\t\t\t\t\t\t\t<a href=\"http:\/\/www.rosellmagasinet.com\/wp-content\/uploads\/2017\/06\/P1013602.jpg\" data-rel=\"prettyPhoto[single_pretty_photo]\" title=\"OLYMPUS DIGITAL CAMERA\">\n\t\t\t\t\t\t\t\t\t\t\t\t\t\t\t\t<img width=\"300\" height=\"225\" src=\"http:\/\/www.rosellmagasinet.com\/wp-content\/uploads\/2017\/06\/P1013602-300x225.jpg\" class=\"attachment-medium size-medium\" alt=\"\" loading=\"lazy\" srcset=\"http:\/\/www.rosellmagasinet.com\/wp-content\/uploads\/2017\/06\/P1013602-300x225.jpg 300w, http:\/\/www.rosellmagasinet.com\/wp-content\/uploads\/2017\/06\/P1013602.jpg 700w\" sizes=\"(max-width: 300px) 100vw, 300px\" \/>\t\t\t\t\t\t\t\t\t\t\t\t\t\t<\/a>\n\t\t\t\t\t\t<\/div>\n\t\t\t\t\t<div class=\"eltd-gallery-image\">\n\t\t\t\t\t\t\t\t<a href=\"http:\/\/www.rosellmagasinet.com\/wp-content\/uploads\/2017\/06\/P1013612.jpg\" data-rel=\"prettyPhoto[single_pretty_photo]\" title=\"OLYMPUS DIGITAL CAMERA\">\n\t\t\t\t\t\t\t\t\t\t\t\t\t\t\t\t<img width=\"300\" height=\"199\" src=\"http:\/\/www.rosellmagasinet.com\/wp-content\/uploads\/2017\/06\/P1013612-300x199.jpg\" class=\"attachment-medium size-medium\" alt=\"\" loading=\"lazy\" srcset=\"http:\/\/www.rosellmagasinet.com\/wp-content\/uploads\/2017\/06\/P1013612-300x199.jpg 300w, http:\/\/www.rosellmagasinet.com\/wp-content\/uploads\/2017\/06\/P1013612.jpg 700w\" sizes=\"(max-width: 300px) 100vw, 300px\" \/>\t\t\t\t\t\t\t\t\t\t\t\t\t\t<\/a>\n\t\t\t\t\t\t<\/div>\n\t\t\t\t\t<div class=\"eltd-gallery-image\">\n\t\t\t\t\t\t\t\t<a href=\"http:\/\/www.rosellmagasinet.com\/wp-content\/uploads\/2017\/06\/P1013614.jpg\" data-rel=\"prettyPhoto[single_pretty_photo]\" title=\"OLYMPUS DIGITAL CAMERA\">\n\t\t\t\t\t\t\t\t\t\t\t\t\t\t\t\t<img width=\"300\" height=\"241\" src=\"http:\/\/www.rosellmagasinet.com\/wp-content\/uploads\/2017\/06\/P1013614-300x241.jpg\" class=\"attachment-medium size-medium\" alt=\"\" loading=\"lazy\" srcset=\"http:\/\/www.rosellmagasinet.com\/wp-content\/uploads\/2017\/06\/P1013614-300x241.jpg 300w, http:\/\/www.rosellmagasinet.com\/wp-content\/uploads\/2017\/06\/P1013614.jpg 700w\" sizes=\"(max-width: 300px) 100vw, 300px\" \/>\t\t\t\t\t\t\t\t\t\t\t\t\t\t<\/a>\n\t\t\t\t\t\t<\/div>\n\t\t\t\t\t<div class=\"eltd-gallery-image\">\n\t\t\t\t\t\t\t\t<a href=\"http:\/\/www.rosellmagasinet.com\/wp-content\/uploads\/2017\/06\/P1013642.jpg\" data-rel=\"prettyPhoto[single_pretty_photo]\" title=\"OLYMPUS DIGITAL CAMERA\">\n\t\t\t\t\t\t\t\t\t\t\t\t\t\t\t\t<img width=\"300\" height=\"225\" src=\"http:\/\/www.rosellmagasinet.com\/wp-content\/uploads\/2017\/06\/P1013642-300x225.jpg\" class=\"attachment-medium size-medium\" alt=\"\" loading=\"lazy\" srcset=\"http:\/\/www.rosellmagasinet.com\/wp-content\/uploads\/2017\/06\/P1013642-300x225.jpg 300w, http:\/\/www.rosellmagasinet.com\/wp-content\/uploads\/2017\/06\/P1013642.jpg 700w\" sizes=\"(max-width: 300px) 100vw, 300px\" \/>\t\t\t\t\t\t\t\t\t\t\t\t\t\t<\/a>\n\t\t\t\t\t\t<\/div>\n\t\t\t\t\t<div class=\"eltd-gallery-image\">\n\t\t\t\t\t\t\t\t<a href=\"http:\/\/www.rosellmagasinet.com\/wp-content\/uploads\/2017\/06\/P1013650.jpg\" data-rel=\"prettyPhoto[single_pretty_photo]\" title=\"OLYMPUS DIGITAL CAMERA\">\n\t\t\t\t\t\t\t\t\t\t\t\t\t\t\t\t<img width=\"300\" height=\"225\" src=\"http:\/\/www.rosellmagasinet.com\/wp-content\/uploads\/2017\/06\/P1013650-300x225.jpg\" class=\"attachment-medium size-medium\" alt=\"\" loading=\"lazy\" srcset=\"http:\/\/www.rosellmagasinet.com\/wp-content\/uploads\/2017\/06\/P1013650-300x225.jpg 300w, http:\/\/www.rosellmagasinet.com\/wp-content\/uploads\/2017\/06\/P1013650.jpg 700w\" sizes=\"(max-width: 300px) 100vw, 300px\" \/>\t\t\t\t\t\t\t\t\t\t\t\t\t\t<\/a>\n\t\t\t\t\t\t<\/div>\n\t\t\t\t\t<div class=\"eltd-gallery-image\">\n\t\t\t\t\t\t\t\t<a href=\"http:\/\/www.rosellmagasinet.com\/wp-content\/uploads\/2017\/06\/P1013656.jpg\" data-rel=\"prettyPhoto[single_pretty_photo]\" title=\"OLYMPUS DIGITAL CAMERA\">\n\t\t\t\t\t\t\t\t\t\t\t\t\t\t\t\t<img width=\"244\" height=\"300\" src=\"http:\/\/www.rosellmagasinet.com\/wp-content\/uploads\/2017\/06\/P1013656-244x300.jpg\" class=\"attachment-medium size-medium\" alt=\"\" loading=\"lazy\" srcset=\"http:\/\/www.rosellmagasinet.com\/wp-content\/uploads\/2017\/06\/P1013656-244x300.jpg 244w, http:\/\/www.rosellmagasinet.com\/wp-content\/uploads\/2017\/06\/P1013656.jpg 700w\" sizes=\"(max-width: 244px) 100vw, 244px\" \/>\t\t\t\t\t\t\t\t\t\t\t\t\t\t<\/a>\n\t\t\t\t\t\t<\/div>\n\t\t\t\t\t<div class=\"eltd-gallery-image\">\n\t\t\t\t\t\t\t\t<a href=\"http:\/\/www.rosellmagasinet.com\/wp-content\/uploads\/2017\/06\/IMG_1837.jpg\" data-rel=\"prettyPhoto[single_pretty_photo]\" title=\"IMG_1837\">\n\t\t\t\t\t\t\t\t\t\t\t\t\t\t\t\t<img width=\"300\" height=\"225\" src=\"http:\/\/www.rosellmagasinet.com\/wp-content\/uploads\/2017\/06\/IMG_1837-300x225.jpg\" class=\"attachment-medium size-medium\" alt=\"\" loading=\"lazy\" srcset=\"http:\/\/www.rosellmagasinet.com\/wp-content\/uploads\/2017\/06\/IMG_1837-300x225.jpg 300w, http:\/\/www.rosellmagasinet.com\/wp-content\/uploads\/2017\/06\/IMG_1837-768x576.jpg 768w, http:\/\/www.rosellmagasinet.com\/wp-content\/uploads\/2017\/06\/IMG_1837.jpg 1000w\" sizes=\"(max-width: 300px) 100vw, 300px\" \/>\t\t\t\t\t\t\t\t\t\t\t\t\t\t<\/a>\n\t\t\t\t\t\t<\/div>\n\t\t\t\t\t<div class=\"eltd-gallery-image\">\n\t\t\t\t\t\t\t\t<a href=\"http:\/\/www.rosellmagasinet.com\/wp-content\/uploads\/2017\/06\/IMG_1847-1.jpg\" data-rel=\"prettyPhoto[single_pretty_photo]\" title=\"IMG_1847 1\">\n\t\t\t\t\t\t\t\t\t\t\t\t\t\t\t\t<img width=\"300\" height=\"225\" src=\"http:\/\/www.rosellmagasinet.com\/wp-content\/uploads\/2017\/06\/IMG_1847-1-300x225.jpg\" class=\"attachment-medium size-medium\" alt=\"\" loading=\"lazy\" srcset=\"http:\/\/www.rosellmagasinet.com\/wp-content\/uploads\/2017\/06\/IMG_1847-1-300x225.jpg 300w, http:\/\/www.rosellmagasinet.com\/wp-content\/uploads\/2017\/06\/IMG_1847-1-768x576.jpg 768w, http:\/\/www.rosellmagasinet.com\/wp-content\/uploads\/2017\/06\/IMG_1847-1.jpg 1000w\" sizes=\"(max-width: 300px) 100vw, 300px\" \/>\t\t\t\t\t\t\t\t\t\t\t\t\t\t<\/a>\n\t\t\t\t\t\t<\/div>\n\t\t\t\t\t<div class=\"eltd-gallery-image\">\n\t\t\t\t\t\t\t\t<a href=\"http:\/\/www.rosellmagasinet.com\/wp-content\/uploads\/2017\/06\/Bild-2.jpg\" data-rel=\"prettyPhoto[single_pretty_photo]\" title=\"Bild 2\">\n\t\t\t\t\t\t\t\t\t\t\t\t\t\t\t\t<img width=\"300\" height=\"225\" src=\"http:\/\/www.rosellmagasinet.com\/wp-content\/uploads\/2017\/06\/Bild-2-300x225.jpg\" class=\"attachment-medium size-medium\" alt=\"\" loading=\"lazy\" srcset=\"http:\/\/www.rosellmagasinet.com\/wp-content\/uploads\/2017\/06\/Bild-2-300x225.jpg 300w, http:\/\/www.rosellmagasinet.com\/wp-content\/uploads\/2017\/06\/Bild-2.jpg 750w\" sizes=\"(max-width: 300px) 100vw, 300px\" \/>\t\t\t\t\t\t\t\t\t\t\t\t\t\t<\/a>\n\t\t\t\t\t\t<\/div>\n\t\t\t\t\t<div class=\"eltd-gallery-image\">\n\t\t\t\t\t\t\t\t<a href=\"http:\/\/www.rosellmagasinet.com\/wp-content\/uploads\/2017\/06\/IMG_0394.jpg\" data-rel=\"prettyPhoto[single_pretty_photo]\" title=\"IMG_0394\">\n\t\t\t\t\t\t\t\t\t\t\t\t\t\t\t\t<img width=\"300\" height=\"225\" src=\"http:\/\/www.rosellmagasinet.com\/wp-content\/uploads\/2017\/06\/IMG_0394-300x225.jpg\" class=\"attachment-medium size-medium\" alt=\"\" loading=\"lazy\" srcset=\"http:\/\/www.rosellmagasinet.com\/wp-content\/uploads\/2017\/06\/IMG_0394-300x225.jpg 300w, http:\/\/www.rosellmagasinet.com\/wp-content\/uploads\/2017\/06\/IMG_0394.jpg 750w\" sizes=\"(max-width: 300px) 100vw, 300px\" \/>\t\t\t\t\t\t\t\t\t\t\t\t\t\t<\/a>\n\t\t\t\t\t\t<\/div>\n\t\t\t\t\t<div class=\"eltd-gallery-image\">\n\t\t\t\t\t\t\t\t<a href=\"http:\/\/www.rosellmagasinet.com\/wp-content\/uploads\/2017\/06\/DSC3405_130-003.jpg\" data-rel=\"prettyPhoto[single_pretty_photo]\" title=\"_DSC3405_130 (003)\">\n\t\t\t\t\t\t\t\t\t\t\t\t\t\t\t\t<img width=\"300\" height=\"225\" src=\"http:\/\/www.rosellmagasinet.com\/wp-content\/uploads\/2017\/06\/DSC3405_130-003-300x225.jpg\" class=\"attachment-medium size-medium\" alt=\"\" loading=\"lazy\" srcset=\"http:\/\/www.rosellmagasinet.com\/wp-content\/uploads\/2017\/06\/DSC3405_130-003-300x225.jpg 300w, http:\/\/www.rosellmagasinet.com\/wp-content\/uploads\/2017\/06\/DSC3405_130-003.jpg 750w\" sizes=\"(max-width: 300px) 100vw, 300px\" \/>\t\t\t\t\t\t\t\t\t\t\t\t\t\t<\/a>\n\t\t\t\t\t\t<\/div>\n\t\t\t\t\t<div class=\"eltd-gallery-image\">\n\t\t\t\t\t\t\t\t<a href=\"http:\/\/www.rosellmagasinet.com\/wp-content\/uploads\/2017\/06\/IMG_0013.jpg\" data-rel=\"prettyPhoto[single_pretty_photo]\" title=\"IMG_0013\">\n\t\t\t\t\t\t\t\t\t\t\t\t\t\t\t\t<img width=\"300\" height=\"225\" src=\"http:\/\/www.rosellmagasinet.com\/wp-content\/uploads\/2017\/06\/IMG_0013-300x225.jpg\" class=\"attachment-medium size-medium\" alt=\"\" loading=\"lazy\" srcset=\"http:\/\/www.rosellmagasinet.com\/wp-content\/uploads\/2017\/06\/IMG_0013-300x225.jpg 300w, http:\/\/www.rosellmagasinet.com\/wp-content\/uploads\/2017\/06\/IMG_0013-768x576.jpg 768w, http:\/\/www.rosellmagasinet.com\/wp-content\/uploads\/2017\/06\/IMG_0013-1024x768.jpg 1024w\" sizes=\"(max-width: 300px) 100vw, 300px\" \/>\t\t\t\t\t\t\t\t\t\t\t\t\t\t<\/a>\n\t\t\t\t\t\t<\/div>\n\t\t\t<\/div>\n<\/div>[\/vc_column][\/vc_row]<\/p>\n","protected":false},"excerpt":{"rendered":"<p>[vc_row content_width=&#8221;grid&#8221; content_aligment=&#8221;center&#8221; css=&#8221;.vc_custom_1476868161789{padding-top: 95px !important;padding-bottom: 60px !important;}&#8221;][vc_column offset=&#8221;vc_col-lg-offset-3 vc_col-lg-6 vc_col-md-offset-1 vc_col-md-10&#8243;][vc_column_text]H\u00e4r samlar vi utvalda bilder fr\u00e5n minnesv\u00e4rda stunder och \u00f6gonblick fr\u00e5n Rosellmagasinets\u00a0 sina allra b\u00e4sta sidor, allt fr\u00e5n trevliga kv\u00e4llar, ljuvliga morgonstunder, vackra vyer och f\u00e4rgsprakande matr\u00e4tter. Sidan kommer fyllas p\u00e5 kontinuerligt med sm\u00e5&#8230;<\/p>\n","protected":false},"author":4,"featured_media":0,"parent":0,"menu_order":0,"comment_status":"closed","ping_status":"closed","template":"","meta":[],"_links":{"self":[{"href":"http:\/\/www.rosellmagasinet.com\/index.php?rest_route=\/wp\/v2\/pages\/14717"}],"collection":[{"href":"http:\/\/www.rosellmagasinet.com\/index.php?rest_route=\/wp\/v2\/pages"}],"about":[{"href":"http:\/\/www.rosellmagasinet.com\/index.php?rest_route=\/wp\/v2\/types\/page"}],"author":[{"embeddable":true,"href":"http:\/\/www.rosellmagasinet.com\/index.php?rest_route=\/wp\/v2\/users\/4"}],"replies":[{"embeddable":true,"href":"http:\/\/www.rosellmagasinet.com\/index.php?rest_route=%2Fwp%2Fv2%2Fcomments&post=14717"}],"version-history":[{"count":12,"href":"http:\/\/www.rosellmagasinet.com\/index.php?rest_route=\/wp\/v2\/pages\/14717\/revisions"}],"predecessor-version":[{"id":14900,"href":"http:\/\/www.rosellmagasinet.com\/index.php?rest_route=\/wp\/v2\/pages\/14717\/revisions\/14900"}],"wp:attachment":[{"href":"http:\/\/www.rosellmagasinet.com\/index.php?rest_route=%2Fwp%2Fv2%2Fmedia&parent=14717"}],"curies":[{"name":"wp","href":"https:\/\/api.w.org\/{rel}","templated":true}]}}