{"id":14456,"date":"2017-06-08T11:12:35","date_gmt":"2017-06-08T09:12:35","guid":{"rendered":"http:\/\/www.rosellmagasinet.com\/?page_id=14456"},"modified":"2017-06-09T01:57:11","modified_gmt":"2017-06-08T23:57:11","slug":"catering-1","status":"publish","type":"page","link":"http:\/\/www.rosellmagasinet.com\/?page_id=14456","title":{"rendered":"Catering"},"content":{"rendered":"<p>[vc_row content_aligment=&#8221;center&#8221; css=&#8221;.vc_custom_1496917688530{padding-top: 70px !important;background-position: center !important;background-repeat: no-repeat !important;background-size: cover !important;}&#8221;][vc_column width=&#8221;1\/4&#8243;][\/vc_column][vc_column width=&#8221;1\/2&#8243;]<div class=\"eltd-section-title-outer-holder\" style=\"text-align: center\">\n\n\t\t\t<div class=\"eltd-section-subtitle-holder\">\n\t\t\t<h5 class=\"eltd-section-subtitle\" style=\";font-size: 18px;color: #333333;;;;\">\n\t\t\t\tV\u00e4lkomponerat och anpassat\t\t\t<\/h5>\n\t\t<\/div>\n\t\n\t\t\t<div class=\"eltd-section-title-title-holder\">\n\t\t\t\t<h2 class=\"eltd-section-title\" style=\";font-size: 42px;;;;text-transform: None;letter-spacing: 0.5px;\">\n\t\t\t\tCATERING F\u00d6R ALLA TILLF\u00c4LLEN\t\t\t\t<\/h2>\n\t\t<\/div>\n\t\n<\/div>[vc_single_image image=&#8221;14360&#8243; img_size=&#8221;full&#8221; alignment=&#8221;center&#8221;][vc_column_text]<\/p>\n<div class=\"eltd-section-title-outer-holder\"><\/div>\n<div class=\"wpb_text_column wpb_content_element \">\n<div class=\"wpb_wrapper\">\n<p style=\"text-align: center;\">Vi erbjuder catering f\u00f6r alla tillf\u00e4llen anpassat utifr\u00e5n era \u00f6nskem\u00e5l och behov. F\u00f6r oss \u00e4r den totala upplevelsen av stor betydelse och d\u00e4rmed kompromissar vi aldrig med varken matens kvalitet eller v\u00e5r service. Oavsett vilken tillst\u00e4llning som ni planerar har kan vi alltid erbjuda n\u00e5got som faller er i smaken. Vi har ett brett och varierande utbud f\u00f6r alla tillf\u00e4llen och hj\u00e4lper er givetvis med r\u00e5d och planering om s\u00e5 \u00f6nskas.Vi fixar inte bara v\u00e4lsmakande m\u00e5ltider till er tillst\u00e4llning utan kan \u00e4ven hj\u00e4lpa till med serveringspersonal, porslin, m\u00f6blering, dekor, musik, dryck och bartillbeh\u00f6r med mega. Vi levererar helhetsl\u00f6sningar f\u00f6r att din tillst\u00e4llning ska bli en of\u00f6rgl\u00f6mlig upplevelse.<\/p>\n<p>&nbsp;<\/p>\n<\/div>\n<\/div>\n<p>[\/vc_column_text][\/vc_column][vc_column width=&#8221;1\/4&#8243;][\/vc_column][\/vc_row][vc_row content_aligment=&#8221;center&#8221; css=&#8221;.vc_custom_1492195319644{margin-right: 0px !important;margin-left: 0px !important;border-right-width: 0px !important;border-left-width: 0px !important;padding-right: 0px !important;padding-bottom: 70px !important;padding-left: 0px !important;background-color: #ffffff !important;}&#8221;][vc_column][vc_row_inner css=&#8221;.vc_custom_1496917087443{background-position: center !important;background-repeat: no-repeat !important;background-size: cover !important;}&#8221;][vc_column_inner width=&#8221;2\/3&#8243; css=&#8221;.vc_custom_1495849346900{padding-top: 15% !important;padding-left: 8% !important;}&#8221;]<div class=\"eltd-section-title-outer-holder\" style=\"text-align: left\">\n\n\t\t\t<div class=\"eltd-section-subtitle-holder\">\n\t\t\t<h5 class=\"eltd-section-subtitle\" style=\";font-size: 18px;color: #333333;;;;\">\n\t\t\t\tF\u00d6R MER INFORMATION\t\t\t<\/h5>\n\t\t<\/div>\n\t\n\t\t\t<div class=\"eltd-section-title-title-holder\">\n\t\t\t\t<h2 class=\"eltd-section-title\" style=\";font-size: 42px;color: #333333;;;text-transform: Uppercase;letter-spacing: 5px;\">\n\t\t\t\tKONTAKTA OSS\t\t\t\t<\/h2>\n\t\t<\/div>\n\t\n<\/div>[vc_empty_space][vc_column_text]Om du \u00f6nskar mer information om v\u00e5ra cateringtj\u00e4nster eller vill boka catering till ett speciellt tillf\u00e4lle, v\u00e4nligen kontakta oss s\u00e5 hj\u00e4lper vi dig![\/vc_column_text][vc_empty_space height=&#8221;40px&#8221;]<a href=\"http:\/\/www.rosellmagasinet.com\/?page_id=6501\" target=\"_self\" style=\"color: #333333;background-color: #ffffff\" class=\"eltd-btn eltd-btn-large eltd-btn-solid eltd-btn-custom-hover-bg eltd-btn-custom-hover-color eltd-btn-hover-animation eltd-btn-sweep-from-left\" data-hover-bg-color=\"#333333\" data-hover-color=\"#ffffff\" >\n\t\t\t<div class=\"eltd-btn-hover-overlay\"><\/div>\n\t    <span class=\"eltd-btn-text\">Kontakta oss<\/span>\n    <\/a>[\/vc_column_inner][vc_column_inner width=&#8221;1\/3&#8243;][vc_empty_space height=&#8221;100&#8243;][vc_single_image image=&#8221;13833&#8243; img_size=&#8221;full&#8221;][vc_empty_space height=&#8221;100&#8243;][\/vc_column_inner][\/vc_row_inner][\/vc_column][\/vc_row]<\/p>\n","protected":false},"excerpt":{"rendered":"<p>[vc_row content_aligment=&#8221;center&#8221; css=&#8221;.vc_custom_1496917688530{padding-top: 70px !important;background-position: center !important;background-repeat: no-repeat !important;background-size: cover !important;}&#8221;][vc_column width=&#8221;1\/4&#8243;][\/vc_column][vc_column width=&#8221;1\/2&#8243;][vc_single_image image=&#8221;14360&#8243; img_size=&#8221;full&#8221; alignment=&#8221;center&#8221;][vc_column_text] Vi erbjuder catering f\u00f6r alla tillf\u00e4llen anpassat utifr\u00e5n era \u00f6nskem\u00e5l och behov. F\u00f6r oss \u00e4r den totala upplevelsen av stor betydelse och d\u00e4rmed kompromissar vi aldrig med varken matens&#8230;<\/p>\n","protected":false},"author":4,"featured_media":0,"parent":0,"menu_order":0,"comment_status":"closed","ping_status":"closed","template":"","meta":[],"_links":{"self":[{"href":"http:\/\/www.rosellmagasinet.com\/index.php?rest_route=\/wp\/v2\/pages\/14456"}],"collection":[{"href":"http:\/\/www.rosellmagasinet.com\/index.php?rest_route=\/wp\/v2\/pages"}],"about":[{"href":"http:\/\/www.rosellmagasinet.com\/index.php?rest_route=\/wp\/v2\/types\/page"}],"author":[{"embeddable":true,"href":"http:\/\/www.rosellmagasinet.com\/index.php?rest_route=\/wp\/v2\/users\/4"}],"replies":[{"embeddable":true,"href":"http:\/\/www.rosellmagasinet.com\/index.php?rest_route=%2Fwp%2Fv2%2Fcomments&post=14456"}],"version-history":[{"count":11,"href":"http:\/\/www.rosellmagasinet.com\/index.php?rest_route=\/wp\/v2\/pages\/14456\/revisions"}],"predecessor-version":[{"id":14657,"href":"http:\/\/www.rosellmagasinet.com\/index.php?rest_route=\/wp\/v2\/pages\/14456\/revisions\/14657"}],"wp:attachment":[{"href":"http:\/\/www.rosellmagasinet.com\/index.php?rest_route=%2Fwp%2Fv2%2Fmedia&parent=14456"}],"curies":[{"name":"wp","href":"https:\/\/api.w.org\/{rel}","templated":true}]}}